{"id":1020,"date":"2018-01-25T21:33:51","date_gmt":"2018-01-25T20:33:51","guid":{"rendered":"http:\/\/rundumhund.ch\/?page_id=1020"},"modified":"2018-01-26T15:04:37","modified_gmt":"2018-01-26T14:04:37","slug":"verwendung-halle","status":"publish","type":"page","link":"https:\/\/rundumhund.ch\/?page_id=1020","title":{"rendered":"Verwendung Halle"},"content":{"rendered":"<p><span style=\"font-size: 20px;\"><strong><span style=\"font-family: arial, helvetica, sans-serif;\">Unsere Hundesporthalle vermieten wir an <\/span><span style=\"font-family: arial, helvetica, sans-serif;\">Hundesportler und Hundesportgruppen f\u00fcr s\u00e4mtliche Hundesportarten f\u00fcr <\/span><span style=\"font-family: arial, helvetica, sans-serif;\">Trainings, Meetings und Pr\u00fcfungen.<\/span><\/strong><\/span><\/p>\n<p>&nbsp;<\/p>\n<p><span style=\"font-size: 18px;\"><strong><span style=\"font-family: arial, helvetica, sans-serif;\">Die Halleninfrastruktur umfasst:<\/span><\/strong><\/span><\/p>\n<p><span style=\"font-size: 18px;\"><span style=\"font-family: arial, helvetica, sans-serif;\">2 Agility-\/Obedience-Ringe 21 x 30 m mit <\/span><span style=\"font-family: arial, helvetica, sans-serif;\">Kunstrasenbelag<br \/>\n<\/span><\/span><span style=\"font-family: arial, helvetica, sans-serif; font-size: 18px;\">2 homologierte Agilityparcours<br \/>\n<\/span><span style=\"font-family: arial, helvetica, sans-serif; font-size: 18px;\">Zeitmessanlagen<br \/>\n<\/span><span style=\"font-family: arial, helvetica, sans-serif; font-size: 18px;\">Lautsprecheranlage<br \/>\n<\/span><span style=\"font-family: arial, helvetica, sans-serif; font-size: 18px;\">Wettkampfb\u00fcro<br \/>\n<\/span><span style=\"font-family: arial, helvetica, sans-serif; font-size: 18px;\">Toilettenanlagen<br \/>\n<\/span><span style=\"font-family: arial, helvetica, sans-serif; font-size: 18px;\">Duschen<br \/>\n<\/span><span style=\"font-family: arial, helvetica, sans-serif; font-size: 18px;\">Trib\u00fcne mit 200 Sitzpl\u00e4tzen<\/span><\/p>\n<p><span style=\"font-family: arial, helvetica, sans-serif; font-size: 18px;\">Bistro mit ca 30 Sitzpl\u00e4tzen (w\u00e4hrend den Meetings bewirtet)<\/span><\/p>\n<p><span style=\"font-family: arial, helvetica, sans-serif; font-size: 18px;\">gen\u00fcgend Parkpl\u00e4tze<br \/>\n<\/span><span style=\"font-family: arial, helvetica, sans-serif; font-size: 18px;\">gen\u00fcgend Pl\u00e4tze f\u00fcr Camper und Wohnwegen (mit Strom, Wasser und Duschen<\/span><\/p>\n<p><span style=\"font-family: arial, helvetica, sans-serif; font-size: 18px;\">3 G\u00e4stezimmer<br \/>\n<\/span><span style=\"font-family: arial, helvetica, sans-serif; font-size: 18px;\">Theorielokal<\/span><\/p>\n<p>&nbsp;<\/p>\n<p>&nbsp;<\/p>\n","protected":false},"excerpt":{"rendered":"<p>Unsere Hundesporthalle vermieten wir an Hundesportler und Hundesportgruppen f\u00fcr s\u00e4mtliche Hundesportarten f\u00fcr Trainings, Meetings und Pr\u00fcfungen. &nbsp; Die Halleninfrastruktur umfasst: 2 Agility-\/Obedience-Ringe 21 x 30 m mit Kunstrasenbelag 2 homologierte Agilityparcours Zeitmessanlagen Lautsprecheranlage Wettkampfb\u00fcro Toilettenanlagen Duschen Trib\u00fcne mit 200 Sitzpl\u00e4tzen Bistro mit ca 30 Sitzpl\u00e4tzen (w\u00e4hrend den Meetings bewirtet) gen\u00fcgend Parkpl\u00e4tze gen\u00fcgend Pl\u00e4tze f\u00fcr Camper<\/p>\n","protected":false},"author":3,"featured_media":0,"parent":0,"menu_order":0,"comment_status":"closed","ping_status":"closed","template":"","meta":{"_mi_skip_tracking":false,"footnotes":""},"class_list":["post-1020","page","type-page","status-publish","hentry"],"_links":{"self":[{"href":"https:\/\/rundumhund.ch\/index.php?rest_route=\/wp\/v2\/pages\/1020","targetHints":{"allow":["GET"]}}],"collection":[{"href":"https:\/\/rundumhund.ch\/index.php?rest_route=\/wp\/v2\/pages"}],"about":[{"href":"https:\/\/rundumhund.ch\/index.php?rest_route=\/wp\/v2\/types\/page"}],"author":[{"embeddable":true,"href":"https:\/\/rundumhund.ch\/index.php?rest_route=\/wp\/v2\/users\/3"}],"replies":[{"embeddable":true,"href":"https:\/\/rundumhund.ch\/index.php?rest_route=%2Fwp%2Fv2%2Fcomments&post=1020"}],"version-history":[{"count":5,"href":"https:\/\/rundumhund.ch\/index.php?rest_route=\/wp\/v2\/pages\/1020\/revisions"}],"predecessor-version":[{"id":1054,"href":"https:\/\/rundumhund.ch\/index.php?rest_route=\/wp\/v2\/pages\/1020\/revisions\/1054"}],"wp:attachment":[{"href":"https:\/\/rundumhund.ch\/index.php?rest_route=%2Fwp%2Fv2%2Fmedia&parent=1020"}],"curies":[{"name":"wp","href":"https:\/\/api.w.org\/{rel}","templated":true}]}}