{"id":1074,"date":"2018-01-27T10:12:53","date_gmt":"2018-01-27T09:12:53","guid":{"rendered":"http:\/\/rundumhund.ch\/?page_id=1074"},"modified":"2018-01-27T11:35:22","modified_gmt":"2018-01-27T10:35:22","slug":"grundsaetzliches-hundeausbildung","status":"publish","type":"page","link":"https:\/\/rundumhund.ch\/?page_id=1074","title":{"rendered":"Grunds\u00e4tzliches Ausbildung"},"content":{"rendered":"<p><span style=\"font-family: arial, helvetica, sans-serif; font-size: 18px;\"><strong>Philosophie<\/strong><\/span><\/p>\n<p><span style=\"font-family: arial, helvetica, sans-serif; font-size: 18px;\">Wir unterscheiden zwischen Hundeerziehung und Hundeausbildung.<\/span><\/p>\n<p><span style=\"font-family: arial, helvetica, sans-serif; font-size: 18px;\">Unter <strong>Hundeerziehung<\/strong> verstehen wir, unseren Hund zu einem angenehmen Partner im allt\u00e4glichen Leben zu erziehen.<\/span><\/p>\n<p><span style=\"font-family: arial, helvetica, sans-serif; font-size: 18px;\"><strong>Hundeausbildung<\/strong> beinhaltet jeglich Art von Ausbildung, sei es zum Sporthund, H\u00fctehund oder aber auch zum Dienst- oder Rettungshund.<\/span><\/p>\n<p><span style=\"font-family: arial, helvetica, sans-serif; font-size: 18px;\">Hundeausbildung ist sehr vielschichtig und erfordert ein geh\u00f6riges Mass an Kopfarbeit seitens des Hundehalters.<\/span><\/p>\n<p><span style=\"font-family: arial, helvetica, sans-serif; font-size: 18px;\">Es ist wichtig, den Ursprung des Hundes zu kennen und sein urspr\u00fcngliches Sozialverhalten zu studieren.<\/span><\/p>\n<p><span style=\"font-family: arial, helvetica, sans-serif; font-size: 18px;\">Der heutige &#8222;Haushund&#8220; stammt vom Wolf ab. Der Wolf ist ein Rudeltier mit einem sehr komplexen Sozial- und Rudelverhalten. Das Wolfsrudel wird immer von einem Alpha-Paar gef\u00fchrt. Zum Rudel geh\u00f6ren aber auch T\u00f6chter und S\u00f6hne aus fr\u00fcheren W\u00fcrfen, die bei der Jagd und dem Aufziehen von Welpen mithelfen.<\/span><\/p>\n<p><span style=\"font-family: arial, helvetica, sans-serif; font-size: 18px;\">Klar dominant aber sind der Alpha-R\u00fcde und die Alpha-H\u00fcndin, also die Rudelchefs. Beobachtet man ein Wolfsrudel, sieht man, dass vom Alpha-Paar klare Grenzen gesetzt werden. Ueberschreitet ein rangniedrigeres Tier diese Grenzen, wird es nach wolfsmanier, also mit Drohgeb\u00e4rden &#8211; und wenn dies nichts n\u00fctzt &#8211; auch einmal mit Z\u00e4hnen in die Schranken gewiesen.<\/span><\/p>\n<p><strong><span style=\"font-family: arial, helvetica, sans-serif; font-size: 18px;\">Was heisst das jetzt f\u00fcr unseren Hund?<\/span><\/strong><\/p>\n<p><span style=\"font-family: arial, helvetica, sans-serif; font-size: 18px;\">Da unser Hund ein Rudeltier geblieben ist, ersetzt nun meistens der Mensch seine Rudelartgenossen. Jetzt bleibt noch zu \u00fcberlegen, wer denn in diesem Rudel &#8222;Hund &#8211; Mensch&#8220; der Alpha-&#8222;Hund&#8220; sein sollte.<\/span><\/p>\n<p><span style=\"font-family: arial, helvetica, sans-serif; font-size: 18px;\">Und jetzt sind wir beim springenden Punkt. Heutzutage ist diese Abgrenzung &#8222;Hund &#8211; Rudelf\u00fchrer&#8220; bei vielen Hundehaltern nicht mehr auszumachen, bzw. nur noch im Ansatz vorhanden. Daraus entstehen aber die meisten Probleme in unserer Gesellschaft im Zusammenhang mit Hundehaltung.<\/span><\/p>\n<p><span style=\"font-family: arial, helvetica, sans-serif; font-size: 18px;\">Wenn wir unserem Hund gestatten die F\u00fchrungsrolle zu \u00fcbernehmen, ist dieser Hund schlicht \u00fcberfordert. Wie will er die Gefahren, die von unserer zivilisierten Umwelt ausgehen, erkennen? Das heisst, unser Hund bringt sich und oft auch uns oder unsere Mitmenschen in Gefahr.<\/span><\/p>\n<p><span style=\"font-family: arial, helvetica, sans-serif; font-size: 18px;\">Es ist also absolut \u00fcberlebenswichtig f\u00fcr unseren Hund, dass wir die F\u00fchrerrolle \u00fcbernehmen.<\/span><\/p>\n<p><span style=\"font-family: arial, helvetica, sans-serif; font-size: 18px;\">Das muss jetzt nicht heissen, dass wir unseren Hund in seinem nat\u00fcrlichen Verhalten einschr\u00e4nken. Aber wir sollten zu seinem eigenen Schutz klare Grenzen setzten. Klare Grenzen kann heissen: &#8222;Auf Zuruf sofort zur\u00fcckzukommen&#8220; oder &#8222;an der Leine gehen, ohne zu ziehen&#8220;.<\/span><\/p>\n<p><span style=\"font-family: arial, helvetica, sans-serif; font-size: 18px;\">Diese F\u00fchrerrolle \u00fcbergeben uns unsere Hunde aber nicht immer freiwillig.<\/span><\/p>\n<p><span style=\"font-family: arial, helvetica, sans-serif; font-size: 18px;\">Grundvoraussetzung f\u00fcr die Hundeausbildung ist aber dass der Hund klare Grenzen kennt.<br \/>\n<\/span><\/p>\n","protected":false},"excerpt":{"rendered":"<p>Philosophie Wir unterscheiden zwischen Hundeerziehung und Hundeausbildung. Unter Hundeerziehung verstehen wir, unseren Hund zu einem angenehmen Partner im allt\u00e4glichen Leben zu erziehen. Hundeausbildung beinhaltet jeglich Art von Ausbildung, sei es zum Sporthund, H\u00fctehund oder aber auch zum Dienst- oder Rettungshund. Hundeausbildung ist sehr vielschichtig und erfordert ein geh\u00f6riges Mass an Kopfarbeit seitens des Hundehalters. Es<\/p>\n","protected":false},"author":3,"featured_media":0,"parent":0,"menu_order":0,"comment_status":"closed","ping_status":"closed","template":"","meta":{"_mi_skip_tracking":false,"footnotes":""},"class_list":["post-1074","page","type-page","status-publish","hentry"],"_links":{"self":[{"href":"https:\/\/rundumhund.ch\/index.php?rest_route=\/wp\/v2\/pages\/1074","targetHints":{"allow":["GET"]}}],"collection":[{"href":"https:\/\/rundumhund.ch\/index.php?rest_route=\/wp\/v2\/pages"}],"about":[{"href":"https:\/\/rundumhund.ch\/index.php?rest_route=\/wp\/v2\/types\/page"}],"author":[{"embeddable":true,"href":"https:\/\/rundumhund.ch\/index.php?rest_route=\/wp\/v2\/users\/3"}],"replies":[{"embeddable":true,"href":"https:\/\/rundumhund.ch\/index.php?rest_route=%2Fwp%2Fv2%2Fcomments&post=1074"}],"version-history":[{"count":5,"href":"https:\/\/rundumhund.ch\/index.php?rest_route=\/wp\/v2\/pages\/1074\/revisions"}],"predecessor-version":[{"id":1087,"href":"https:\/\/rundumhund.ch\/index.php?rest_route=\/wp\/v2\/pages\/1074\/revisions\/1087"}],"wp:attachment":[{"href":"https:\/\/rundumhund.ch\/index.php?rest_route=%2Fwp%2Fv2%2Fmedia&parent=1074"}],"curies":[{"name":"wp","href":"https:\/\/api.w.org\/{rel}","templated":true}]}}