{"id":691,"date":"2018-01-12T22:17:52","date_gmt":"2018-01-12T21:17:52","guid":{"rendered":"http:\/\/preview-rundumhund.72336.aweb.preview-site.ch\/?page_id=691"},"modified":"2018-01-26T14:56:59","modified_gmt":"2018-01-26T13:56:59","slug":"phylosophie","status":"publish","type":"page","link":"https:\/\/rundumhund.ch\/?page_id=691","title":{"rendered":"Phylosophie Hundehotel"},"content":{"rendered":"<p><span style=\"font-family: arial, helvetica, sans-serif;\"><span style=\"font-size: 20px;\"><strong>Unsere Philosophie<\/strong><\/span><br \/>\n<\/span><\/p>\n<p><span style=\"font-family: arial, helvetica, sans-serif; font-size: 18px;\">Als langj\u00e4hrige Hundehalter haben wir selber die Erfahrung gemacht, dass es &#8222;Hundepensionen&#8220; und &#8222;Hundepensionen&#8220; gibt. So st\u00f6rte uns bei den einen der Gestank, bei den andern die zu kleinen K\u00e4fige, bei den dritten die dunklen Boxen ohne Auslauf, und bei den n\u00e4chsten das st\u00e4ndige Gebell, sodass unsere Hunde sehr gestresst aus den &#8222;Ferien&#8220; zur\u00fcckkamen.<\/span><\/p>\n<p><span style=\"font-family: arial, helvetica, sans-serif; font-size: 18px;\">Wir wollten es besser machen und haben deshalb alle diese Punkte beim Bau unseres Hundehotels ber\u00fccksichtigt. Wir m\u00f6chten dass ihr Hund in einer Umgebung Urlaub macht, wo er weder von allein Seiten bedroht wird (keine Gitterk\u00e4fige zum Nachbarshund) noch auf sein selbstgew\u00e4hltes Sonnenbad im eigenen kleinen Garten verzichten muss. Wo er sich in einem Zimmer- nicht K\u00e4fig &#8211; wie zuhause f\u00fchlen kann.<\/span><\/p>\n<p><span style=\"font-family: arial, helvetica, sans-serif; font-size: 18px;\">Er muss aber auch nicht auf den Sozialkontakt mit anderen Hunden verzichten. Unsere Zimmer sind gross genug, dass bei Vertr\u00e4glichkeit problemlos 2 &#8211; 3 Hunde darin gen\u00fcgend Platz finden. Auch unsere Auslaufgehege, mit schattenspendenden alten Baumen und einem Abenteuerspielplatz, werden ihrem Liebling sicher zusagen.<\/span><\/p>\n<p><span style=\"font-family: arial, helvetica, sans-serif; font-size: 18px;\">Gerne zeigen wir Ihnen jederzeit unser Hundehotel, damit sich sich selber von unseren Ideen \u00fcberzeugen k\u00f6nnen.<\/span><\/p>\n<p><span style=\"font-family: arial, helvetica, sans-serif; font-size: 20px;\"><strong>Unterbringung<\/strong><\/span><\/p>\n<p><span style=\"font-family: arial, helvetica, sans-serif; font-size: 18px;\">Gem\u00e4ss unserer Philosophie werden die Hunde nicht in Zwingern sondern &#8211; je nach Gr\u00f6sse und Vertr\u00e4glich\u00adkeit der Hunde &#8211; in hellen Zimmern von 2.5 x 5 oder 5 x 5 Metern untergebracht. Zu jedem dieser Zimmer geh\u00f6rt ein kleiner Garten von ca 25 &#8211; 35 m2, zu dem ihr Hund jederzeit freien Zugang hat.<\/span><\/p>\n<p><span style=\"font-family: arial, helvetica, sans-serif; font-size: 18px;\">Die Zimmer sind mit <u>Bodenheizung <\/u>ausgestattet und jeder Hund erh\u00e4lt sein eigenes &#8222;Bett&#8220;. R\u00fcckzugsm\u00f6g\u00adlichkeiten auf verschiedenen H\u00f6hen sind ebenfalls gegeben.<\/span><\/p>\n<p><span style=\"font-family: arial, helvetica, sans-serif; font-size: 20px;\"><strong>Ausl\u00e4ufe<\/strong><\/span><\/p>\n<p><span style=\"font-family: arial, helvetica, sans-serif; font-size: 18px;\">Die <strong>Aussengehege<\/strong> sind &#8211; wie alle unsere Gehege &#8211; mit einem 2,4 m hohen <strong>Sicherheitszaun<\/strong> umgeben und bieten den Hunden zwischen schattenspendenden B\u00e4umen die M\u00f6glichkeit zu toben, graben oder aber ein\u00adfach faul in der Sonne oder im Schatten zu liegen.<\/span><\/p>\n<p><span style=\"font-family: arial, helvetica, sans-serif; font-size: 18px;\">Die Hunde werden mehrmals t\u00e4glich, f\u00fcr l\u00e4ngere Zeit, abh\u00e4ngig von Witterung, und auf den Hund abge\u00adstimmt, in die Aussengehege gelassen. Wenn immer m\u00f6glich erfolgt der Auslauf in Rudeln.<\/span><\/p>\n<p><span style=\"font-family: arial, helvetica, sans-serif; font-size: 18px;\">Gegen Aufpreis ist es auch m\u00f6glich, dass wir ihrem Hund seinen t\u00e4glichen <strong>Spaziergang<\/strong> anbieten. Unser Hundehotel liegt in einem Gebiet, wo wir direkt die M\u00f6glichkeit haben auf Feldwegen, abseits von jeglichem Verkehr, gr\u00f6ssere oder kleinere Spazierg\u00e4nge zu unternehmen.<\/span><\/p>\n<p><span style=\"font-family: arial, helvetica, sans-serif; font-size: 20px;\"><strong>Gruppenhaltung<\/strong><\/span><\/p>\n<p><span style=\"font-family: arial, helvetica, sans-serif; font-size: 18px;\">Gem\u00e4ss Tierschutzgesetz sind wir gehalten die Hunde nicht einzeln unterzubringen. Abh\u00e4ngig von Vertr\u00e4g\u00adlichkeit, Gr\u00f6sse, Alter und Gesundheitszustand, versuchen wir unter Ber\u00fccksichtigung aller Vorsichtsmass\u00adnahmen jeweils die richtigen Kombinationen zu finden.<\/span><\/p>\n<p><span style=\"font-family: arial, helvetica, sans-serif; font-size: 20px;\"><strong>F\u00fctterung<\/strong><\/span><\/p>\n<p><span style=\"font-family: arial, helvetica, sans-serif; font-size: 18px;\">Gef\u00fcttert wird &#8211; je nach ihren W\u00fcnschen &#8211; 2 &#8211; 3 Mal pro Tag, entweder unser bew\u00e4hrtes Trockenfutter Champ oder das von ihnen mitgebrachte Futter. Selbstverst\u00e4ndlich werden auch die Streicheleinheiten und ab und zu ein Leckerli von unseren liebevollen Hundepleger\/innen nicht zu kurz kommen.<\/span><\/p>\n","protected":false},"excerpt":{"rendered":"<p>Unsere Philosophie Als langj\u00e4hrige Hundehalter haben wir selber die Erfahrung gemacht, dass es &#8222;Hundepensionen&#8220; und &#8222;Hundepensionen&#8220; gibt. So st\u00f6rte uns bei den einen der Gestank, bei den andern die zu kleinen K\u00e4fige, bei den dritten die dunklen Boxen ohne Auslauf, und bei den n\u00e4chsten das st\u00e4ndige Gebell, sodass unsere Hunde sehr gestresst aus den &#8222;Ferien&#8220;<\/p>\n","protected":false},"author":3,"featured_media":0,"parent":0,"menu_order":0,"comment_status":"closed","ping_status":"closed","template":"","meta":{"_mi_skip_tracking":false,"footnotes":""},"class_list":["post-691","page","type-page","status-publish","hentry"],"_links":{"self":[{"href":"https:\/\/rundumhund.ch\/index.php?rest_route=\/wp\/v2\/pages\/691","targetHints":{"allow":["GET"]}}],"collection":[{"href":"https:\/\/rundumhund.ch\/index.php?rest_route=\/wp\/v2\/pages"}],"about":[{"href":"https:\/\/rundumhund.ch\/index.php?rest_route=\/wp\/v2\/types\/page"}],"author":[{"embeddable":true,"href":"https:\/\/rundumhund.ch\/index.php?rest_route=\/wp\/v2\/users\/3"}],"replies":[{"embeddable":true,"href":"https:\/\/rundumhund.ch\/index.php?rest_route=%2Fwp%2Fv2%2Fcomments&post=691"}],"version-history":[{"count":8,"href":"https:\/\/rundumhund.ch\/index.php?rest_route=\/wp\/v2\/pages\/691\/revisions"}],"predecessor-version":[{"id":1049,"href":"https:\/\/rundumhund.ch\/index.php?rest_route=\/wp\/v2\/pages\/691\/revisions\/1049"}],"wp:attachment":[{"href":"https:\/\/rundumhund.ch\/index.php?rest_route=%2Fwp%2Fv2%2Fmedia&parent=691"}],"curies":[{"name":"wp","href":"https:\/\/api.w.org\/{rel}","templated":true}]}}